{"id":75,"date":"2014-12-09T10:44:58","date_gmt":"2014-12-09T13:44:58","guid":{"rendered":"http:\/\/localhost\/business4\/?page_id=75"},"modified":"2015-02-25T23:39:11","modified_gmt":"2015-02-26T02:39:11","slug":"nosotros","status":"publish","type":"page","link":"https:\/\/maritimaseghini.com\/?page_id=75","title":{"rendered":"Nosotros"},"content":{"rendered":"<div id=\"fws_69f0bd5a86f36\" class=\"wpb_row vc_row-fluid  animate_onoffset row-dynamic-el standard_section    \" style=\"\"><div  style=\"position: absolute;top: 0;\"><\/div><div class=\"container  dark\"><div class=\"section_clear\">\n\t<div class=\"vc_col-sm-6 wpb_column column_container\" style=\"\" data-animation=\"\" data-delay=\"0\">\n\t\t<div class=\"wpb_wrapper\">\n\t\t\t<div class=\"slideshow wpb_content_element\"><div class=\"slideshow_container flexslider slide_layout_boxed\" id=\"flex\" >    <ul class=\"slides slide_flexslider\"><li class=' slide_element slide1 frame1'><img src='https:\/\/maritimaseghini.com\/wp-content\/uploads\/2015\/02\/oficina-2-627x470.jpg' title='oficina-2' alt='' \/>\t\t<\/li><li class=' slide_element slide2 frame2'><img src='https:\/\/maritimaseghini.com\/wp-content\/uploads\/2015\/02\/oficina-1-627x470.jpg' title='oficina-1' alt='' \/>\t\t<\/li><li class=' slide_element slide3 frame3'><img src='https:\/\/maritimaseghini.com\/wp-content\/uploads\/2015\/02\/maritima-2-627x470.jpg' title='maritima-2' alt='' \/>\t\t<\/li><li class=' slide_element slide4 frame4'><img src='https:\/\/maritimaseghini.com\/wp-content\/uploads\/2015\/02\/oficina-3-627x470.jpg' title='oficina-3' alt='' \/>\t\t<\/li>\t<\/ul><\/div><\/div>\n\t\t<\/div> \n\t<\/div> \n\n\t<div class=\"vc_col-sm-6 wpb_column column_container\" style=\"\" data-animation=\"\" data-delay=\"0\">\n\t\t<div class=\"wpb_wrapper\">\n\t\t\t<div class=\"wpb_content_element block_title column_title inner-inline_border \"><h1>Maritima Seghini<\/h1><\/div>\n\t<div class=\"wpb_text_column wpb_content_element \">\n\t\t<div class=\"wpb_wrapper\">\n\t\t\t<p>Mar\u00edtima Seghini SRL es continuadora del camino iniciado por Don Vicente Seghini en el a\u00f1o 1947, seguido por su hijo Don Luis Atilio Seghini desde el a\u00f1o 1962, y por su nieto Pablo Luis Seghini qui\u00e9n en la actualidad se desempe\u00f1a como Despachante de Aduana y Agente de Transporte aduanero al frente de la empresa.<\/p>\n<p>Nada mejor en la actividad que desempe\u00f1amos que la experiencia y los conocimientos que se adquieren con el transcurso del tiempo, que luego permiten ser brindados a nuestros clientes garantizando una atenci\u00f3n responsable y seria, atestiguada por las empresas que nos brindan su confianza por m\u00e1s de 50 a\u00f1os de vida.<\/p>\n<p>Nuestros conocimientos integrales en todo lo inherente al quehacer del comercio exterior e interior y el Transporte en general, nos permite un lugar de privilegio en el contexto de empresas de servicios instaladas en todo el pa\u00eds.<\/p>\n\n\t\t<\/div> \n\t<\/div> \n\t\t<\/div> \n\t<\/div> \n<\/div><\/div><\/div>\n","protected":false},"excerpt":{"rendered":"Maritima Seghini Mar\u00edtima Seghini SRL es continuadora del camino iniciado por Don Vicente Seghini en el a\u00f1o 1947, seguido por su hijo Don Luis Atilio Seghini desde el a\u00f1o 1962, y por su nieto Pablo Luis Seghini qui\u00e9n en la actualidad se desempe\u00f1a como Despachante de Aduana y Agente de Transporte aduanero al frente de [...]","protected":false},"author":1,"featured_media":0,"parent":0,"menu_order":0,"comment_status":"open","ping_status":"closed","template":"","meta":[],"_links":{"self":[{"href":"https:\/\/maritimaseghini.com\/index.php?rest_route=\/wp\/v2\/pages\/75"}],"collection":[{"href":"https:\/\/maritimaseghini.com\/index.php?rest_route=\/wp\/v2\/pages"}],"about":[{"href":"https:\/\/maritimaseghini.com\/index.php?rest_route=\/wp\/v2\/types\/page"}],"author":[{"embeddable":true,"href":"https:\/\/maritimaseghini.com\/index.php?rest_route=\/wp\/v2\/users\/1"}],"replies":[{"embeddable":true,"href":"https:\/\/maritimaseghini.com\/index.php?rest_route=%2Fwp%2Fv2%2Fcomments&post=75"}],"version-history":[{"count":2,"href":"https:\/\/maritimaseghini.com\/index.php?rest_route=\/wp\/v2\/pages\/75\/revisions"}],"predecessor-version":[{"id":925,"href":"https:\/\/maritimaseghini.com\/index.php?rest_route=\/wp\/v2\/pages\/75\/revisions\/925"}],"wp:attachment":[{"href":"https:\/\/maritimaseghini.com\/index.php?rest_route=%2Fwp%2Fv2%2Fmedia&parent=75"}],"curies":[{"name":"wp","href":"https:\/\/api.w.org\/{rel}","templated":true}]}}