{"id":866,"date":"2015-02-25T11:51:55","date_gmt":"2015-02-25T14:51:55","guid":{"rendered":"http:\/\/algranoweb.com.ar\/clientes\/maritima\/?page_id=866"},"modified":"2015-02-25T18:43:49","modified_gmt":"2015-02-25T21:43:49","slug":"departamento-maritimo","status":"publish","type":"page","link":"https:\/\/maritimaseghini.com\/?page_id=866","title":{"rendered":"Departamento Maritimo"},"content":{"rendered":"<div id=\"fws_69f0cd6ecb9c0\" class=\"wpb_row vc_row-fluid  animate_onoffset row-dynamic-el standard_section    \" style=\"\"><div  style=\"position: absolute;top: 0;\"><\/div><div class=\"container  dark\"><div class=\"section_clear\">\n\t<div class=\"vc_col-sm-6 wpb_column column_container\" style=\"\" data-animation=\"\" data-delay=\"0\">\n\t\t<div class=\"wpb_wrapper\">\n\t\t\t<div class=\"slideshow wpb_content_element\"><div class=\"slideshow_container flexslider slide_layout_boxed\" id=\"flex\" >    <ul class=\"slides slide_flexslider\"><li class=' slide_element slide1 frame1'><img src='https:\/\/maritimaseghini.com\/wp-content\/uploads\/2015\/02\/maritima-3-600x600.jpg' title='maritima-3' alt='' \/>\t\t<\/li>\t<\/ul><\/div><\/div>\n\t\t<\/div> \n\t<\/div> \n\n\t<div class=\"vc_col-sm-6 wpb_column column_container\" style=\"\" data-animation=\"\" data-delay=\"0\">\n\t\t<div class=\"wpb_wrapper\">\n\t\t\t\n\t<div class=\"wpb_text_column wpb_content_element \">\n\t\t<div class=\"wpb_wrapper\">\n\t\t\t<p><strong>Agencia Mar\u00edtima &#8211; Amarres \u2013 Estiba <\/strong><\/p>\n<p>Nuestro departamento mar\u00edtimo ofrece el agenciamiento integral de buques, sus amarres tanto sea en tierra como en lancha, todo lo referido a cargas, descargas y estibajes, conecci\u00f3n y desconecci\u00f3n de manguerones en cargamento de hidrocarburos. Disponemos el embarque y desembarque de repuestos y elementos del buque y la atenci\u00f3n permanente de su tripulaci\u00f3n, el enrolamiento y la repatriaci\u00f3n de tripulantes, la renovaci\u00f3n de certificados, etc.<\/p>\n<p>En la actualidad nuestro departamento mar\u00edtimo atiende a los Buques pertenecientes a las flotas de las firmas Shell Capsa, Arpez S.A., Navenor S.A., Silos Areneros Buenos Aires S.A., Pontemar S.A., Fluvialmar S.A., Agencia Mar\u00edtima Basal S.A., Yes S.A.<\/p>\n\n\t\t<\/div> \n\t<\/div> \n\t\t<\/div> \n\t<\/div> \n<\/div><\/div><\/div>\n","protected":false},"excerpt":{"rendered":"Agencia Mar\u00edtima - Amarres \u2013 Estiba Nuestro departamento mar\u00edtimo ofrece el agenciamiento integral de buques, sus amarres tanto sea en tierra como en lancha, todo lo referido a cargas, descargas y estibajes, conecci\u00f3n y desconecci\u00f3n de manguerones en cargamento de hidrocarburos. Disponemos el embarque y desembarque de repuestos y elementos del buque y la atenci\u00f3n [...]","protected":false},"author":1,"featured_media":0,"parent":0,"menu_order":0,"comment_status":"closed","ping_status":"closed","template":"","meta":[],"_links":{"self":[{"href":"https:\/\/maritimaseghini.com\/index.php?rest_route=\/wp\/v2\/pages\/866"}],"collection":[{"href":"https:\/\/maritimaseghini.com\/index.php?rest_route=\/wp\/v2\/pages"}],"about":[{"href":"https:\/\/maritimaseghini.com\/index.php?rest_route=\/wp\/v2\/types\/page"}],"author":[{"embeddable":true,"href":"https:\/\/maritimaseghini.com\/index.php?rest_route=\/wp\/v2\/users\/1"}],"replies":[{"embeddable":true,"href":"https:\/\/maritimaseghini.com\/index.php?rest_route=%2Fwp%2Fv2%2Fcomments&post=866"}],"version-history":[{"count":2,"href":"https:\/\/maritimaseghini.com\/index.php?rest_route=\/wp\/v2\/pages\/866\/revisions"}],"predecessor-version":[{"id":982,"href":"https:\/\/maritimaseghini.com\/index.php?rest_route=\/wp\/v2\/pages\/866\/revisions\/982"}],"wp:attachment":[{"href":"https:\/\/maritimaseghini.com\/index.php?rest_route=%2Fwp%2Fv2%2Fmedia&parent=866"}],"curies":[{"name":"wp","href":"https:\/\/api.w.org\/{rel}","templated":true}]}}